{"id":1953,"date":"2022-02-08T06:12:07","date_gmt":"2022-02-08T06:12:07","guid":{"rendered":"https:\/\/noname-records.de\/?page_id=1953"},"modified":"2023-12-02T11:39:57","modified_gmt":"2023-12-02T11:39:57","slug":"aow-art-of-war","status":"publish","type":"page","link":"https:\/\/noname-records.de\/?page_id=1953","title":{"rendered":"AOW &#8211; Art OF War"},"content":{"rendered":"\t\t<div data-elementor-type=\"wp-page\" data-elementor-id=\"1953\" class=\"elementor elementor-1953\">\n\t\t\t\t\t\t<section class=\"elementor-section elementor-top-section elementor-element elementor-element-21394111 elementor-section-boxed elementor-section-height-default elementor-section-height-default wpr-particle-no wpr-jarallax-no wpr-parallax-no wpr-sticky-section-no\" data-id=\"21394111\" data-element_type=\"section\">\n\t\t\t\t\t\t<div class=\"elementor-container elementor-column-gap-default\">\n\t\t\t\t\t<div class=\"elementor-column elementor-col-100 elementor-top-column elementor-element elementor-element-7e87ee6\" data-id=\"7e87ee6\" data-element_type=\"column\">\n\t\t\t<div class=\"elementor-widget-wrap elementor-element-populated\">\n\t\t\t\t\t\t<div class=\"elementor-element elementor-element-0b6617d elementor-widget elementor-widget-heading\" data-id=\"0b6617d\" data-element_type=\"widget\" data-widget_type=\"heading.default\">\n\t\t\t\t<div class=\"elementor-widget-container\">\n\t\t\t\t\t<h2 class=\"elementor-heading-title elementor-size-large\">AOW - Art OF War<\/h2>\t\t\t\t<\/div>\n\t\t\t\t<\/div>\n\t\t\t\t<div class=\"elementor-element elementor-element-1a3bdea elementor-widget elementor-widget-image\" data-id=\"1a3bdea\" data-element_type=\"widget\" data-widget_type=\"image.default\">\n\t\t\t\t<div class=\"elementor-widget-container\">\n\t\t\t\t\t\t\t\t\t\t\t\t\t\t\t<img fetchpriority=\"high\" decoding=\"async\" width=\"960\" height=\"720\" src=\"https:\/\/noname-records.de\/wp-content\/uploads\/AOW-bild-fuer-unterreiter-crews.jpg\" class=\"attachment-large size-large wp-image-1960\" alt=\"\" srcset=\"https:\/\/noname-records.de\/wp-content\/uploads\/AOW-bild-fuer-unterreiter-crews.jpg 1024w, https:\/\/noname-records.de\/wp-content\/uploads\/AOW-bild-fuer-unterreiter-crews-300x225.jpg 300w, https:\/\/noname-records.de\/wp-content\/uploads\/AOW-bild-fuer-unterreiter-crews-768x576.jpg 768w, https:\/\/noname-records.de\/wp-content\/uploads\/AOW-bild-fuer-unterreiter-crews-600x450.jpg 600w, https:\/\/noname-records.de\/wp-content\/uploads\/AOW-bild-fuer-unterreiter-crews-500x375.jpg 500w, https:\/\/noname-records.de\/wp-content\/uploads\/AOW-bild-fuer-unterreiter-crews-800x600.jpg 800w\" sizes=\"(max-width: 960px) 100vw, 960px\" \/>\t\t\t\t\t\t\t\t\t\t\t\t\t\t\t<\/div>\n\t\t\t\t<\/div>\n\t\t\t\t<div class=\"elementor-element elementor-element-eb6a8b6 elementor-widget elementor-widget-text-editor\" data-id=\"eb6a8b6\" data-element_type=\"widget\" data-widget_type=\"text-editor.default\">\n\t\t\t\t<div class=\"elementor-widget-container\">\n\t\t\t\t\t\t\t\t\t<h6><span style=\"font-size: 18pt;\">Die Crew &#8222;AOW &#8211; Art Of War&#8220; wurde 2022 von den K\u00fcnstlern NoName, YouSay, Ben Dexter und BreyDa gegr\u00fcndet.<\/span><br data-rich-text-line-break=\"true\"><span style=\"font-size: 18pt;\">Trotz unterschiedlicher Musikgeschm\u00e4cker kommt die Crew trotzdem immer auf einen Nenner.<\/span><br data-rich-text-line-break=\"true\"><span style=\"font-size: 18pt;\">Aktuell streben &#8222;AOW&#8220; einen h\u00e4rteren, aber dennoch sarkastischen Sound an.<\/span><\/h6>\t\t\t\t\t\t\t\t<\/div>\n\t\t\t\t<\/div>\n\t\t\t\t\t<\/div>\n\t\t<\/div>\n\t\t\t\t\t<\/div>\n\t\t<\/section>\n\t\t\t\t<section class=\"elementor-section elementor-top-section elementor-element elementor-element-9b65a58 elementor-section-boxed elementor-section-height-default elementor-section-height-default wpr-particle-no wpr-jarallax-no wpr-parallax-no wpr-sticky-section-no\" data-id=\"9b65a58\" data-element_type=\"section\">\n\t\t\t\t\t\t<div class=\"elementor-container elementor-column-gap-default\">\n\t\t\t\t\t<div class=\"elementor-column elementor-col-100 elementor-top-column elementor-element elementor-element-96164a6\" data-id=\"96164a6\" data-element_type=\"column\">\n\t\t\t<div class=\"elementor-widget-wrap\">\n\t\t\t\t\t\t\t<\/div>\n\t\t<\/div>\n\t\t\t\t\t<\/div>\n\t\t<\/section>\n\t\t\t\t<\/div>\n\t\t","protected":false},"excerpt":{"rendered":"<p>AOW &#8211; Art OF War Die Crew &#8222;AOW &#8211; Art Of War&#8220; wurde 2022 von den K\u00fcnstlern NoName, YouSay, Ben Dexter und BreyDa gegr\u00fcndet.Trotz unterschiedlicher Musikgeschm\u00e4cker kommt die Crew trotzdem immer auf einen Nenner.Aktuell streben &#8222;AOW&#8220; einen h\u00e4rteren, aber dennoch sarkastischen Sound an.<\/p>\n","protected":false},"author":1,"featured_media":0,"parent":0,"menu_order":0,"comment_status":"closed","ping_status":"closed","template":"","meta":{"podcast_url":"","podcast_explicit":"no","podcast_captioned":false,"podcast_duration":"","podcast_filesize":0,"podcast_mime":"","enclosure":"","podcast_season_number":"","podcast_episode_number":"","podcast_episode_type":"none","podcast_transcript":"","footnotes":""},"class_list":["post-1953","page","type-page","status-publish","hentry"],"_links":{"self":[{"href":"https:\/\/noname-records.de\/index.php?rest_route=\/wp\/v2\/pages\/1953","targetHints":{"allow":["GET"]}}],"collection":[{"href":"https:\/\/noname-records.de\/index.php?rest_route=\/wp\/v2\/pages"}],"about":[{"href":"https:\/\/noname-records.de\/index.php?rest_route=\/wp\/v2\/types\/page"}],"author":[{"embeddable":true,"href":"https:\/\/noname-records.de\/index.php?rest_route=\/wp\/v2\/users\/1"}],"replies":[{"embeddable":true,"href":"https:\/\/noname-records.de\/index.php?rest_route=%2Fwp%2Fv2%2Fcomments&post=1953"}],"version-history":[{"count":16,"href":"https:\/\/noname-records.de\/index.php?rest_route=\/wp\/v2\/pages\/1953\/revisions"}],"predecessor-version":[{"id":2644,"href":"https:\/\/noname-records.de\/index.php?rest_route=\/wp\/v2\/pages\/1953\/revisions\/2644"}],"wp:attachment":[{"href":"https:\/\/noname-records.de\/index.php?rest_route=%2Fwp%2Fv2%2Fmedia&parent=1953"}],"curies":[{"name":"wp","href":"https:\/\/api.w.org\/{rel}","templated":true}]}}