{"id":869,"date":"2020-11-10T19:58:48","date_gmt":"2020-11-10T19:58:48","guid":{"rendered":"http:\/\/noname-records.de\/?page_id=869"},"modified":"2023-12-04T13:57:18","modified_gmt":"2023-12-04T13:57:18","slug":"crew-member-1","status":"publish","type":"page","link":"https:\/\/noname-records.de\/?page_id=869","title":{"rendered":"Ben Dexter(Dr.Kush)"},"content":{"rendered":"\t\t<div data-elementor-type=\"wp-page\" data-elementor-id=\"869\" class=\"elementor elementor-869\">\n\t\t\t\t\t\t<section class=\"elementor-section elementor-top-section elementor-element elementor-element-3d113270 elementor-section-boxed elementor-section-height-default elementor-section-height-default wpr-particle-no wpr-jarallax-no wpr-parallax-no wpr-sticky-section-no\" data-id=\"3d113270\" data-element_type=\"section\">\n\t\t\t\t\t\t<div class=\"elementor-container elementor-column-gap-default\">\n\t\t\t\t\t<div class=\"elementor-column elementor-col-100 elementor-top-column elementor-element elementor-element-5a864ae5\" data-id=\"5a864ae5\" data-element_type=\"column\">\n\t\t\t<div class=\"elementor-widget-wrap elementor-element-populated\">\n\t\t\t\t\t\t<div class=\"elementor-element elementor-element-ceb5404 elementor-widget elementor-widget-heading\" data-id=\"ceb5404\" data-element_type=\"widget\" data-widget_type=\"heading.default\">\n\t\t\t\t<div class=\"elementor-widget-container\">\n\t\t\t\t\t<h1 class=\"elementor-heading-title elementor-size-default\">Ben Dexter (Dr.Kush)<\/h1>\t\t\t\t<\/div>\n\t\t\t\t<\/div>\n\t\t\t\t<section class=\"elementor-section elementor-inner-section elementor-element elementor-element-fdfdc58 elementor-section-boxed elementor-section-height-default elementor-section-height-default wpr-particle-no wpr-jarallax-no wpr-parallax-no wpr-sticky-section-no\" data-id=\"fdfdc58\" data-element_type=\"section\">\n\t\t\t\t\t\t<div class=\"elementor-container elementor-column-gap-default\">\n\t\t\t\t\t<div class=\"elementor-column elementor-col-50 elementor-inner-column elementor-element elementor-element-9515352\" data-id=\"9515352\" data-element_type=\"column\">\n\t\t\t<div class=\"elementor-widget-wrap elementor-element-populated\">\n\t\t\t\t\t\t<div class=\"elementor-element elementor-element-5371d52 elementor-widget elementor-widget-text-editor\" data-id=\"5371d52\" data-element_type=\"widget\" data-widget_type=\"text-editor.default\">\n\t\t\t\t<div class=\"elementor-widget-container\">\n\t\t\t\t\t\t\t\t\t<h2 style=\"text-align: left;\">Portrait:<\/h2>\n<p style=\"text-align: left;\"><!-- \/wp:heading --><!-- wp:list --><\/p>\n<ul>\n<li style=\"text-align: left;\">\n<h4><strong>Banger<\/strong><\/h4>\n<\/li>\n<li style=\"text-align: left;\">\n<h4><strong>Clubbanger<\/strong><\/h4>\n<\/li>\n<li style=\"text-align: left;\">\n<h4><strong>Stra\u00dfen-Rap<\/strong><\/h4>\n<\/li>\n<li style=\"text-align: left;\">\n<h4><strong>Gangsta-Rap<\/strong><\/h4>\n<\/li>\n<li style=\"text-align: left;\">\n<h4><strong>Deep-Rap<\/strong><\/h4>\n<\/li>\n<li>\n<h4 style=\"text-align: left;\"><strong>Porno-Rap<\/strong><\/h4>\n<\/li>\n<\/ul>\t\t\t\t\t\t\t\t<\/div>\n\t\t\t\t<\/div>\n\t\t\t\t\t<\/div>\n\t\t<\/div>\n\t\t\t\t<div class=\"elementor-column elementor-col-50 elementor-inner-column elementor-element elementor-element-d87ddf3\" data-id=\"d87ddf3\" data-element_type=\"column\">\n\t\t\t<div class=\"elementor-widget-wrap elementor-element-populated\">\n\t\t\t\t\t\t<div class=\"elementor-element elementor-element-53a1f85 elementor-widget elementor-widget-image\" data-id=\"53a1f85\" data-element_type=\"widget\" data-widget_type=\"image.default\">\n\t\t\t\t<div class=\"elementor-widget-container\">\n\t\t\t\t\t\t\t\t\t\t\t\t\t\t\t<img decoding=\"async\" src=\"https:\/\/noname-records.de\/wp-content\/uploads\/elementor\/thumbs\/Ben-Dexter-oyf5sugweh5dps1o15fovx9agp7cqpmzklf4nlgk1c.jpg\" title=\"Ben Dexter\" alt=\"Ben Dexter\" loading=\"lazy\" \/>\t\t\t\t\t\t\t\t\t\t\t\t\t\t\t<\/div>\n\t\t\t\t<\/div>\n\t\t\t\t\t<\/div>\n\t\t<\/div>\n\t\t\t\t\t<\/div>\n\t\t<\/section>\n\t\t\t\t<div class=\"elementor-element elementor-element-6c911781 elementor-widget elementor-widget-text-editor\" data-id=\"6c911781\" data-element_type=\"widget\" data-widget_type=\"text-editor.default\">\n\t\t\t\t<div class=\"elementor-widget-container\">\n\t\t\t\t\t\t\t\t\t<p><!-- wp:heading --><\/p>\n<p><!-- \/wp:list --><!-- wp:quote --><\/p>\n<blockquote class=\"wp-block-quote\">\n<p>Ben Dexter (Dr.Kush):<br \/>Der Rapper &#8222;Ben Dexter&#8220;, ehem. &#8222;Dr. Kush&#8220;, ist Mitgr\u00fcnder von &#8222;NoName Records&#8220; und steht NoName seit Tag eins treu zur Seite.<br \/>Seine Musik ist oftmals tiefgr\u00fcndig, humorvoll, partylastig und lyrisch.<br \/>Eins seiner Markenzeichen ist es, Fremdw\u00f6rter in seinen Texten zu verwenden.<br \/>Au\u00dferdem ist er zust\u00e4ndig f\u00fcr die Rekrutierung neuer Mitglieder.<br \/>Die bekanntesten Werke sind die &#8222;Gangbang unterm Tannenbaum&#8220;-Teile mit NoName.<\/p>\n<\/blockquote>\n<p><!-- \/wp:quote --><\/p>\t\t\t\t\t\t\t\t<\/div>\n\t\t\t\t<\/div>\n\t\t\t\t\t<\/div>\n\t\t<\/div>\n\t\t\t\t\t<\/div>\n\t\t<\/section>\n\t\t\t\t<\/div>\n\t\t","protected":false},"excerpt":{"rendered":"<p>Ben Dexter (Dr.Kush) Portrait: Banger Clubbanger Stra\u00dfen-Rap Gangsta-Rap Deep-Rap Porno-Rap Ben Dexter (Dr.Kush):Der Rapper &#8222;Ben Dexter&#8220;, ehem. &#8222;Dr. Kush&#8220;, ist Mitgr\u00fcnder von &#8222;NoName Records&#8220; und steht NoName seit Tag eins treu zur Seite.Seine Musik ist oftmals tiefgr\u00fcndig, humorvoll, partylastig und lyrisch.Eins seiner Markenzeichen ist es, Fremdw\u00f6rter in seinen Texten zu verwenden.Au\u00dferdem ist er zust\u00e4ndig f\u00fcr die Rekrutierung neuer Mitglieder.Die bekanntesten Werke sind die &#8222;Gangbang unterm Tannenbaum&#8220;-Teile mit NoName.<\/p>\n","protected":false},"author":1,"featured_media":0,"parent":0,"menu_order":0,"comment_status":"closed","ping_status":"closed","template":"","meta":{"podcast_url":"","podcast_explicit":"no","podcast_captioned":false,"podcast_duration":"","podcast_filesize":0,"podcast_mime":"","enclosure":"","podcast_season_number":"","podcast_episode_number":"","podcast_episode_type":"none","podcast_transcript":"","footnotes":""},"class_list":["post-869","page","type-page","status-publish","hentry"],"_links":{"self":[{"href":"https:\/\/noname-records.de\/index.php?rest_route=\/wp\/v2\/pages\/869","targetHints":{"allow":["GET"]}}],"collection":[{"href":"https:\/\/noname-records.de\/index.php?rest_route=\/wp\/v2\/pages"}],"about":[{"href":"https:\/\/noname-records.de\/index.php?rest_route=\/wp\/v2\/types\/page"}],"author":[{"embeddable":true,"href":"https:\/\/noname-records.de\/index.php?rest_route=\/wp\/v2\/users\/1"}],"replies":[{"embeddable":true,"href":"https:\/\/noname-records.de\/index.php?rest_route=%2Fwp%2Fv2%2Fcomments&post=869"}],"version-history":[{"count":23,"href":"https:\/\/noname-records.de\/index.php?rest_route=\/wp\/v2\/pages\/869\/revisions"}],"predecessor-version":[{"id":2757,"href":"https:\/\/noname-records.de\/index.php?rest_route=\/wp\/v2\/pages\/869\/revisions\/2757"}],"wp:attachment":[{"href":"https:\/\/noname-records.de\/index.php?rest_route=%2Fwp%2Fv2%2Fmedia&parent=869"}],"curies":[{"name":"wp","href":"https:\/\/api.w.org\/{rel}","templated":true}]}}