{"id":871,"date":"2020-11-10T19:59:08","date_gmt":"2020-11-10T19:59:08","guid":{"rendered":"http:\/\/noname-records.de\/?page_id=871"},"modified":"2023-12-04T14:05:32","modified_gmt":"2023-12-04T14:05:32","slug":"crew-member-2","status":"publish","type":"page","link":"https:\/\/noname-records.de\/?page_id=871","title":{"rendered":"2S1ck"},"content":{"rendered":"\t\t<div data-elementor-type=\"wp-page\" data-elementor-id=\"871\" class=\"elementor elementor-871\">\n\t\t\t\t\t\t<section class=\"elementor-section elementor-top-section elementor-element elementor-element-4b96b9ce elementor-section-boxed elementor-section-height-default elementor-section-height-default wpr-particle-no wpr-jarallax-no wpr-parallax-no wpr-sticky-section-no\" data-id=\"4b96b9ce\" data-element_type=\"section\">\n\t\t\t\t\t\t<div class=\"elementor-container elementor-column-gap-default\">\n\t\t\t\t\t<div class=\"elementor-column elementor-col-100 elementor-top-column elementor-element elementor-element-768a6fe6\" data-id=\"768a6fe6\" data-element_type=\"column\">\n\t\t\t<div class=\"elementor-widget-wrap elementor-element-populated\">\n\t\t\t\t\t\t<div class=\"elementor-element elementor-element-0e6a125 elementor-widget elementor-widget-heading\" data-id=\"0e6a125\" data-element_type=\"widget\" data-widget_type=\"heading.default\">\n\t\t\t\t<div class=\"elementor-widget-container\">\n\t\t\t\t\t<h1 class=\"elementor-heading-title elementor-size-default\">2S1ck<\/h1>\t\t\t\t<\/div>\n\t\t\t\t<\/div>\n\t\t\t\t<section class=\"elementor-section elementor-inner-section elementor-element elementor-element-4535377 elementor-section-boxed elementor-section-height-default elementor-section-height-default wpr-particle-no wpr-jarallax-no wpr-parallax-no wpr-sticky-section-no\" data-id=\"4535377\" data-element_type=\"section\">\n\t\t\t\t\t\t<div class=\"elementor-container elementor-column-gap-default\">\n\t\t\t\t\t<div class=\"elementor-column elementor-col-50 elementor-inner-column elementor-element elementor-element-7c80563\" data-id=\"7c80563\" data-element_type=\"column\">\n\t\t\t<div class=\"elementor-widget-wrap elementor-element-populated\">\n\t\t\t\t\t\t<div class=\"elementor-element elementor-element-1251cc5 elementor-widget elementor-widget-text-editor\" data-id=\"1251cc5\" data-element_type=\"widget\" data-widget_type=\"text-editor.default\">\n\t\t\t\t<div class=\"elementor-widget-container\">\n\t\t\t\t\t\t\t\t\t<h2>Portrait:<\/h2>\n<p><!-- \/wp:heading --><!-- wp:list --><\/p>\n<ul>\n<li>\n<h3><span style=\"color: #ffffff;\">Porno-Rap<\/span><\/h3>\n<\/li>\n<li>\n<h3><span style=\"color: #ffffff;\">Stra\u00dfen-Rap<\/span><\/h3>\n<\/li>\n<li>\n<h3><span style=\"color: #ffffff;\">Deep-Rap<\/span><\/h3>\n<\/li>\n<\/ul>\t\t\t\t\t\t\t\t<\/div>\n\t\t\t\t<\/div>\n\t\t\t\t\t<\/div>\n\t\t<\/div>\n\t\t\t\t<div class=\"elementor-column elementor-col-50 elementor-inner-column elementor-element elementor-element-8506e76\" data-id=\"8506e76\" data-element_type=\"column\">\n\t\t\t<div class=\"elementor-widget-wrap elementor-element-populated\">\n\t\t\t\t\t\t<div class=\"elementor-element elementor-element-8423f0c elementor-widget elementor-widget-image\" data-id=\"8423f0c\" data-element_type=\"widget\" data-widget_type=\"image.default\">\n\t\t\t\t<div class=\"elementor-widget-container\">\n\t\t\t\t\t\t\t\t\t\t\t\t\t\t\t<img fetchpriority=\"high\" decoding=\"async\" width=\"328\" height=\"778\" src=\"https:\/\/noname-records.de\/wp-content\/uploads\/2020\/11\/2S1ck.jpg\" class=\"attachment-medium_large size-medium_large wp-image-1218\" alt=\"\" srcset=\"https:\/\/noname-records.de\/wp-content\/uploads\/2020\/11\/2S1ck.jpg 328w, https:\/\/noname-records.de\/wp-content\/uploads\/2020\/11\/2S1ck-126x300.jpg 126w\" sizes=\"(max-width: 328px) 100vw, 328px\" \/>\t\t\t\t\t\t\t\t\t\t\t\t\t\t\t<\/div>\n\t\t\t\t<\/div>\n\t\t\t\t\t<\/div>\n\t\t<\/div>\n\t\t\t\t\t<\/div>\n\t\t<\/section>\n\t\t\t\t\t<\/div>\n\t\t<\/div>\n\t\t\t\t\t<\/div>\n\t\t<\/section>\n\t\t\t\t<section class=\"elementor-section elementor-top-section elementor-element elementor-element-1db6a1e elementor-section-boxed elementor-section-height-default elementor-section-height-default wpr-particle-no wpr-jarallax-no wpr-parallax-no wpr-sticky-section-no\" data-id=\"1db6a1e\" data-element_type=\"section\">\n\t\t\t\t\t\t<div class=\"elementor-container elementor-column-gap-default\">\n\t\t\t\t\t<div class=\"elementor-column elementor-col-100 elementor-top-column elementor-element elementor-element-c7a1f54\" data-id=\"c7a1f54\" data-element_type=\"column\">\n\t\t\t<div class=\"elementor-widget-wrap elementor-element-populated\">\n\t\t\t\t\t\t<div class=\"elementor-element elementor-element-c899912 elementor-widget elementor-widget-text-editor\" data-id=\"c899912\" data-element_type=\"widget\" data-widget_type=\"text-editor.default\">\n\t\t\t\t<div class=\"elementor-widget-container\">\n\t\t\t\t\t\t\t\t\t<p><!-- wp:heading --><\/p>\n<p><!-- \/wp:list --><!-- wp:quote --><\/p>\n<blockquote class=\"wp-block-quote\">\n<h4>Der haupts\u00e4chlich von Social Media Plattformen bekannte Rapper 2S1ck ist seit 2017 aktiv dabei<br \/>und f\u00fcr viele Ohrwurm-Songs verantwortlich.<br \/>Sein besonderes Markenzeichen ist sein stets routinierter Flow, mit dem er seine Texte<br \/>sehr gut r\u00fcberbringt.<\/h4>\n<\/blockquote>\n<p><!-- \/wp:quote --><\/p>\t\t\t\t\t\t\t\t<\/div>\n\t\t\t\t<\/div>\n\t\t\t\t\t<\/div>\n\t\t<\/div>\n\t\t\t\t\t<\/div>\n\t\t<\/section>\n\t\t\t\t<\/div>\n\t\t","protected":false},"excerpt":{"rendered":"<p>2S1ck Portrait: Porno-Rap Stra\u00dfen-Rap Deep-Rap Der haupts\u00e4chlich von Social Media Plattformen bekannte Rapper 2S1ck ist seit 2017 aktiv dabeiund f\u00fcr viele Ohrwurm-Songs verantwortlich.Sein besonderes Markenzeichen ist sein stets routinierter Flow, mit dem er seine Textesehr gut r\u00fcberbringt.<\/p>\n","protected":false},"author":1,"featured_media":0,"parent":0,"menu_order":0,"comment_status":"closed","ping_status":"closed","template":"","meta":{"podcast_url":"","podcast_explicit":"no","podcast_captioned":false,"podcast_duration":"","podcast_filesize":0,"podcast_mime":"","enclosure":"","podcast_season_number":"","podcast_episode_number":"","podcast_episode_type":"none","podcast_transcript":"","footnotes":""},"class_list":["post-871","page","type-page","status-publish","hentry"],"_links":{"self":[{"href":"https:\/\/noname-records.de\/index.php?rest_route=\/wp\/v2\/pages\/871","targetHints":{"allow":["GET"]}}],"collection":[{"href":"https:\/\/noname-records.de\/index.php?rest_route=\/wp\/v2\/pages"}],"about":[{"href":"https:\/\/noname-records.de\/index.php?rest_route=\/wp\/v2\/types\/page"}],"author":[{"embeddable":true,"href":"https:\/\/noname-records.de\/index.php?rest_route=\/wp\/v2\/users\/1"}],"replies":[{"embeddable":true,"href":"https:\/\/noname-records.de\/index.php?rest_route=%2Fwp%2Fv2%2Fcomments&post=871"}],"version-history":[{"count":37,"href":"https:\/\/noname-records.de\/index.php?rest_route=\/wp\/v2\/pages\/871\/revisions"}],"predecessor-version":[{"id":2775,"href":"https:\/\/noname-records.de\/index.php?rest_route=\/wp\/v2\/pages\/871\/revisions\/2775"}],"wp:attachment":[{"href":"https:\/\/noname-records.de\/index.php?rest_route=%2Fwp%2Fv2%2Fmedia&parent=871"}],"curies":[{"name":"wp","href":"https:\/\/api.w.org\/{rel}","templated":true}]}}