{"id":987,"date":"2020-11-10T22:09:02","date_gmt":"2020-11-10T22:09:02","guid":{"rendered":"http:\/\/noname-records.de\/?page_id=987"},"modified":"2025-09-05T16:01:04","modified_gmt":"2025-09-05T16:01:04","slug":"impressum","status":"publish","type":"page","link":"https:\/\/noname-records.de\/?page_id=987","title":{"rendered":"Impressum"},"content":{"rendered":"\n<div class=\"wp-block-nk-awb nk-awb nk-awb-fullheight nk-awb-content-valign-center\"><div class=\"nk-awb-wrap\" data-awb-type=\"image\" data-awb-image-background-size=\"cover\" data-awb-image-background-position=\"47% 51%\"><div class=\"nk-awb-overlay\" style=\"background: rgba(0, 0, 0, 0.78);\"><\/div><div class=\"nk-awb-inner\"><img fetchpriority=\"high\" decoding=\"async\" src=\"https:\/\/noname-records.de\/wp-content\/uploads\/2020\/09\/mockup_3-scaled.jpg\" class=\"wp-image-23 jarallax-img\" width=\"2560\" height=\"2048\" srcset=\"https:\/\/noname-records.de\/wp-content\/uploads\/2020\/09\/mockup_3-scaled.jpg 2560w, https:\/\/noname-records.de\/wp-content\/uploads\/2020\/09\/mockup_3-300x240.jpg 300w, https:\/\/noname-records.de\/wp-content\/uploads\/2020\/09\/mockup_3-1024x819.jpg 1024w, https:\/\/noname-records.de\/wp-content\/uploads\/2020\/09\/mockup_3-768x614.jpg 768w, https:\/\/noname-records.de\/wp-content\/uploads\/2020\/09\/mockup_3-1536x1229.jpg 1536w, https:\/\/noname-records.de\/wp-content\/uploads\/2020\/09\/mockup_3-2048x1638.jpg 2048w\" sizes=\"(max-width: 2560px) 100vw, 2560px\" \/><\/div><\/div><div class=\"nk-awb-wrap-content is-layout-constrained wp-block-nk-awb-is-layout-constrained\">\n<div class=\"wp-block-columns is-layout-flex wp-container-core-columns-is-layout-28f84493 wp-block-columns-is-layout-flex\">\n<div class=\"wp-block-column is-vertically-aligned-center is-layout-flow wp-block-column-is-layout-flow\">\n<p class=\"has-text-align-center has-white-color has-text-color has-normal-font-size\">Impressum<br>Angaben gem\u00e4\u00df \u00a7 5 TMG<br>Raik Menzel, M.Sc.<br>NoName Records<br>noname1110@gmx.de<br>Feldstiege 62<br>46325 Borken<br>Steuernummer: 307\/511\/3652<\/p>\n\n\n\n<div style=\"height:25px\" aria-hidden=\"true\" class=\"wp-block-spacer\"><\/div>\n<\/div>\n\n\n\n<div class=\"wp-block-column is-vertically-aligned-center is-layout-flow wp-block-column-is-layout-flow\">\n<p class=\"has-text-align-center has-white-color has-text-color has-normal-font-size\">Verantwortlich f\u00fcr den Inhalt nach \u00a7 55 Abs. 2 RStV<br>Raik Menzel, M.Sc.<br>NoName Records<br>noname1110@gmx.de<br>Feldstiege 62<br>46325 Borken<\/p>\n\n\n\n<p><\/p>\n\n\n\n<p><\/p>\n\n\n\n<p class=\"has-text-align-center has-white-color has-text-color has-small-font-size\"><br>Verbraucherstreitbeilegung\/Universalschlichtungsstelle<\/p>\n\n\n\n<p class=\"has-text-align-center has-white-color has-text-color has-small-font-size\"><br>Wir sind nicht bereit oder verpflichtet, an Streitbeilegungsverfahren vor einer<br>Verbraucherschlichtungsstelle teilzunehmen. <\/p>\n<\/div>\n<\/div>\n\n\n\n<p class=\"has-text-align-center has-white-color has-text-color has-small-font-size\">2 \/ 4<br>Haftung f\u00fcr Inhalte<br>Als Diensteanbieter sind wir gem\u00e4\u00df \u00a7 7 Abs.1 TMG f\u00fcr eigene Inhalte auf diesen Seiten nach den<br>allgemeinen Gesetzen verantwortlich. Nach \u00a7\u00a7 8 bis 10 TMG sind wir als Diensteanbieter jedoch nicht<br>verpflichtet, \u00fcbermittelte oder gespeicherte fremde Informationen zu \u00fcberwachen oder nach Umst\u00e4nden zu<br>forschen, die auf eine rechtswidrige T\u00e4tigkeit hinweisen.<br>Verpflichtungen zur Entfernung oder Sperrung der Nutzung von Informationen nach den allgemeinen<br>Gesetzen bleiben hiervon unber\u00fchrt. Eine diesbez\u00fcgliche Haftung ist jedoch erst ab dem Zeitpunkt der<br>Kenntnis einer konkreten Rechtsverletzung m\u00f6glich. Bei Bekanntwerden von entsprechenden<br>Rechtsverletzungen werden wir diese Inhalte umgehend entfernen.<br>Haftung f\u00fcr Links<br>Unser Angebot enth\u00e4lt Links zu externen Websites Dritter, auf deren Inhalte wir keinen Einfluss haben.<br>Deshalb k\u00f6nnen wir f\u00fcr diese fremden Inhalte auch keine Gew\u00e4hr \u00fcbernehmen. F\u00fcr die Inhalte der<br>verlinkten Seiten ist stets der jeweilige Anbieter oder Betreiber der Seiten verantwortlich. Die verlinkten<br>Seiten wurden zum Zeitpunkt der Verlinkung auf m\u00f6gliche Rechtsverst\u00f6\u00dfe \u00fcberpr\u00fcft. Rechtswidrige Inhalte<br>waren zum Zeitpunkt der Verlinkung nicht erkennbar.<br>Eine permanente inhaltliche Kontrolle der verlinkten Seiten ist jedoch ohne konkrete Anhaltspunkte einer<br>Rechtsverletzung nicht zumutbar. Bei Bekanntwerden von Rechtsverletzungen werden wir derartige Links<br>umgehend entfernen.<br>Urheberrecht<br>Die durch die Seitenbetreiber erstellten Inhalte und Werke auf diesen Seiten unterliegen dem deutschen<br>Urheberrecht. Die Vervielf\u00e4ltigung, Bearbeitung, Verbreitung und jede Art der Verwertung au\u00dferhalb der<br>Grenzen des Urheberrechtes bed\u00fcrfen der schriftlichen Zustimmung des jeweiligen Autors bzw. Erstellers.<br>Downloads und Kopien dieser Seite sind nur f\u00fcr den privaten, nicht kommerziellen Gebrauch gestattet.<br>Soweit die Inhalte auf dieser Seite nicht vom Betreiber erstellt wurden, werden die Urheberrechte Dritter<br>beachtet. Insbesondere werden Inhalte Dritter als solche gekennzeichnet. Sollten Sie trotzdem auf eine<br>Urheberrechtsverletzung aufmerksam werden, bitten wir um einen entsprechenden Hinweis. Bei<br>Bekanntwerden von Rechtsverletzungen werden wir derartige Inhalte umgehend entfernen.<br>Quelle:<br>https:\/\/www.e-recht24.de\/impressum-generator.htm<\/p>\n<\/div><\/div>\n","protected":false},"excerpt":{"rendered":"","protected":false},"author":1,"featured_media":0,"parent":0,"menu_order":0,"comment_status":"closed","ping_status":"closed","template":"elementor_header_footer","meta":{"podcast_url":"","podcast_explicit":"no","podcast_captioned":false,"podcast_duration":"","podcast_filesize":0,"podcast_mime":"","enclosure":"","podcast_season_number":"","podcast_episode_number":"","podcast_episode_type":"none","podcast_transcript":"","footnotes":""},"class_list":["post-987","page","type-page","status-publish","hentry"],"_links":{"self":[{"href":"https:\/\/noname-records.de\/index.php?rest_route=\/wp\/v2\/pages\/987","targetHints":{"allow":["GET"]}}],"collection":[{"href":"https:\/\/noname-records.de\/index.php?rest_route=\/wp\/v2\/pages"}],"about":[{"href":"https:\/\/noname-records.de\/index.php?rest_route=\/wp\/v2\/types\/page"}],"author":[{"embeddable":true,"href":"https:\/\/noname-records.de\/index.php?rest_route=\/wp\/v2\/users\/1"}],"replies":[{"embeddable":true,"href":"https:\/\/noname-records.de\/index.php?rest_route=%2Fwp%2Fv2%2Fcomments&post=987"}],"version-history":[{"count":72,"href":"https:\/\/noname-records.de\/index.php?rest_route=\/wp\/v2\/pages\/987\/revisions"}],"predecessor-version":[{"id":3178,"href":"https:\/\/noname-records.de\/index.php?rest_route=\/wp\/v2\/pages\/987\/revisions\/3178"}],"wp:attachment":[{"href":"https:\/\/noname-records.de\/index.php?rest_route=%2Fwp%2Fv2%2Fmedia&parent=987"}],"curies":[{"name":"wp","href":"https:\/\/api.w.org\/{rel}","templated":true}]}}